{"id":70,"date":"2018-03-21T23:15:20","date_gmt":"2018-03-21T22:15:20","guid":{"rendered":"http:\/\/mamiloubullesdereve.ovh\/?page_id=70"},"modified":"2018-04-02T18:46:04","modified_gmt":"2018-04-02T16:46:04","slug":"decouvertes","status":"publish","type":"page","link":"https:\/\/mamiloubullesdereve.ovh\/?page_id=70","title":{"rendered":"D\u00e9couvertes"},"content":{"rendered":"<p>Notre carnet de bord ne d\u00e9crit qu&rsquo;en quelques lignes les diff\u00e9rentes \u00e9tapes de notre voyage.<\/p>\n<p>Nous essaierons d&rsquo;\u00eatre courageux et de trouver suffisamment de temps pour raconter\u00a0 dans le d\u00e9tail nos plus belles d\u00e9couvertes.<\/p>\n<p>&nbsp;<\/p>\n<p><img loading=\"lazy\" class=\"aligncenter wp-image-257 size-full\" src=\"https:\/\/mamiloubullesdereve.ovh\/wp-content\/uploads\/2018\/04\/silhouette-3105515_960_720-V3.jpg\" alt=\"\" width=\"448\" height=\"245\" srcset=\"https:\/\/mamiloubullesdereve.ovh\/wp-content\/uploads\/2018\/04\/silhouette-3105515_960_720-V3.jpg 448w, https:\/\/mamiloubullesdereve.ovh\/wp-content\/uploads\/2018\/04\/silhouette-3105515_960_720-V3-300x164.jpg 300w\" sizes=\"(max-width: 448px) 100vw, 448px\" \/><\/p>\n<p>&nbsp;<\/p>\n","protected":false},"excerpt":{"rendered":"<p>Notre carnet de bord ne d\u00e9crit qu&rsquo;en quelques lignes les diff\u00e9rentes \u00e9tapes de notre voyage. Nous essaierons d&rsquo;\u00eatre courageux et de trouver suffisamment de temps pour raconter\u00a0 dans le d\u00e9tail nos plus belles d\u00e9couvertes. &nbsp; &nbsp;<\/p>\n","protected":false},"author":1,"featured_media":0,"parent":0,"menu_order":0,"comment_status":"open","ping_status":"closed","template":"","meta":[],"_links":{"self":[{"href":"https:\/\/mamiloubullesdereve.ovh\/index.php?rest_route=\/wp\/v2\/pages\/70"}],"collection":[{"href":"https:\/\/mamiloubullesdereve.ovh\/index.php?rest_route=\/wp\/v2\/pages"}],"about":[{"href":"https:\/\/mamiloubullesdereve.ovh\/index.php?rest_route=\/wp\/v2\/types\/page"}],"author":[{"embeddable":true,"href":"https:\/\/mamiloubullesdereve.ovh\/index.php?rest_route=\/wp\/v2\/users\/1"}],"replies":[{"embeddable":true,"href":"https:\/\/mamiloubullesdereve.ovh\/index.php?rest_route=%2Fwp%2Fv2%2Fcomments&post=70"}],"version-history":[{"count":5,"href":"https:\/\/mamiloubullesdereve.ovh\/index.php?rest_route=\/wp\/v2\/pages\/70\/revisions"}],"predecessor-version":[{"id":288,"href":"https:\/\/mamiloubullesdereve.ovh\/index.php?rest_route=\/wp\/v2\/pages\/70\/revisions\/288"}],"wp:attachment":[{"href":"https:\/\/mamiloubullesdereve.ovh\/index.php?rest_route=%2Fwp%2Fv2%2Fmedia&parent=70"}],"curies":[{"name":"wp","href":"https:\/\/api.w.org\/{rel}","templated":true}]}}