{"id":6707,"date":"2021-04-24T18:45:45","date_gmt":"2021-04-24T16:45:45","guid":{"rendered":"https:\/\/mamiloubullesdereve.ovh\/?page_id=6707"},"modified":"2021-04-24T18:49:03","modified_gmt":"2021-04-24T16:49:03","slug":"anciens-voyages","status":"publish","type":"page","link":"https:\/\/mamiloubullesdereve.ovh\/?page_id=6707","title":{"rendered":"Anciens voyages"},"content":{"rendered":"\n<p>Notre projet de tour du monde trouve sa source dans chacun des voyages que nous avions eu la chance de faire auparavant.<\/p>\n\n\n\n<p>Il n&rsquo;\u00e9tait donc que justice de mettre \u00e9galement \u00e0 l&rsquo;honneur dans ce blog nos bulles de r\u00eaves les plus anciennes.<\/p>\n\n\n\n<p>Nous essaierons aussi de faire figurer ces voyages sur la carte du monde.<\/p>\n\n\n\n<p>Mais il faudra sans doute du temps pour que le contenu de cette partie s&rsquo;\u00e9toffe.<\/p>\n\n\n\n<p>Soyez patients&#8230;<\/p>\n","protected":false},"excerpt":{"rendered":"<p>Notre projet de tour du monde trouve sa source dans chacun des voyages que nous avions eu la chance de faire auparavant. Il n&rsquo;\u00e9tait donc que justice de mettre \u00e9galement \u00e0 l&rsquo;honneur dans ce blog nos bulles de r\u00eaves les &hellip; <a href=\"https:\/\/mamiloubullesdereve.ovh\/?page_id=6707\">Continuer la lecture <span class=\"meta-nav\">&rarr;<\/span><\/a><\/p>\n","protected":false},"author":1,"featured_media":0,"parent":0,"menu_order":0,"comment_status":"closed","ping_status":"closed","template":"","meta":[],"_links":{"self":[{"href":"https:\/\/mamiloubullesdereve.ovh\/index.php?rest_route=\/wp\/v2\/pages\/6707"}],"collection":[{"href":"https:\/\/mamiloubullesdereve.ovh\/index.php?rest_route=\/wp\/v2\/pages"}],"about":[{"href":"https:\/\/mamiloubullesdereve.ovh\/index.php?rest_route=\/wp\/v2\/types\/page"}],"author":[{"embeddable":true,"href":"https:\/\/mamiloubullesdereve.ovh\/index.php?rest_route=\/wp\/v2\/users\/1"}],"replies":[{"embeddable":true,"href":"https:\/\/mamiloubullesdereve.ovh\/index.php?rest_route=%2Fwp%2Fv2%2Fcomments&post=6707"}],"version-history":[{"count":2,"href":"https:\/\/mamiloubullesdereve.ovh\/index.php?rest_route=\/wp\/v2\/pages\/6707\/revisions"}],"predecessor-version":[{"id":6712,"href":"https:\/\/mamiloubullesdereve.ovh\/index.php?rest_route=\/wp\/v2\/pages\/6707\/revisions\/6712"}],"wp:attachment":[{"href":"https:\/\/mamiloubullesdereve.ovh\/index.php?rest_route=%2Fwp%2Fv2%2Fmedia&parent=6707"}],"curies":[{"name":"wp","href":"https:\/\/api.w.org\/{rel}","templated":true}]}}