{"id":6412,"date":"2021-03-30T18:33:49","date_gmt":"2021-03-30T16:33:49","guid":{"rendered":"https:\/\/mamiloubullesdereve.ovh\/?page_id=6412"},"modified":"2021-04-09T19:26:13","modified_gmt":"2021-04-09T17:26:13","slug":"tour-du-monde","status":"publish","type":"page","link":"https:\/\/mamiloubullesdereve.ovh\/?page_id=6412","title":{"rendered":"Tour du Monde"},"content":{"rendered":"\n<p>28 juin 2018.<\/p>\n\n\n\n<p>C&rsquo;\u00e9tait le d\u00e9but d&rsquo;une nouvelle aventure.<\/p>\n\n\n\n<p>Pendant un peu plus d&rsquo;un an, nous partions d\u00e9couvrir le monde.<\/p>\n\n\n\n<p>Les glaciers&nbsp;d&rsquo;Islande&#8230; les baleines du Qu\u00e9bec&#8230; les montagnes du P\u00e9rou&#8230; les d\u00e9serts de Bolivie&#8230; le vin d&rsquo;Argentine&#8230; les statues de l&rsquo;Ile de P\u00e2ques&#8230; les chutes du Br\u00e9sil&#8230; les pagodes de Birmanie&#8230; le M\u00e9kong au Laos&#8230; les temples du Cambodge&#8230; les ethnies du Vietnam&#8230; les&nbsp;traditions du Japon&#8230; les aborig\u00e8nes&nbsp;d&rsquo;Australie&#8230;&nbsp;les espaces de&nbsp;Nouvelle Z\u00e9lande&#8230;&nbsp;les&nbsp;Kanaks&nbsp;de Nouvelle Cal\u00e9donie et&nbsp;les atolls de&nbsp;Polyn\u00e9sie&#8230;<\/p>\n\n\n\n<p>Autant de bulles de r\u00eave&#8230;. que nous avions souhait\u00e9\u00a0partager avec vous&#8230;<\/p>\n\n\n\n<p>De grands et petits moments dans lesquels vous pouvez vous replonger dans cette parie du Blog<\/p>\n","protected":false},"excerpt":{"rendered":"<p>28 juin 2018. C&rsquo;\u00e9tait le d\u00e9but d&rsquo;une nouvelle aventure. Pendant un peu plus d&rsquo;un an, nous partions d\u00e9couvrir le monde. Les glaciers&nbsp;d&rsquo;Islande&#8230; les baleines du Qu\u00e9bec&#8230; les montagnes du P\u00e9rou&#8230; les d\u00e9serts de Bolivie&#8230; le vin d&rsquo;Argentine&#8230; les statues de &hellip; <a href=\"https:\/\/mamiloubullesdereve.ovh\/?page_id=6412\">Continuer la lecture <span class=\"meta-nav\">&rarr;<\/span><\/a><\/p>\n","protected":false},"author":1,"featured_media":0,"parent":0,"menu_order":0,"comment_status":"closed","ping_status":"closed","template":"","meta":[],"_links":{"self":[{"href":"https:\/\/mamiloubullesdereve.ovh\/index.php?rest_route=\/wp\/v2\/pages\/6412"}],"collection":[{"href":"https:\/\/mamiloubullesdereve.ovh\/index.php?rest_route=\/wp\/v2\/pages"}],"about":[{"href":"https:\/\/mamiloubullesdereve.ovh\/index.php?rest_route=\/wp\/v2\/types\/page"}],"author":[{"embeddable":true,"href":"https:\/\/mamiloubullesdereve.ovh\/index.php?rest_route=\/wp\/v2\/users\/1"}],"replies":[{"embeddable":true,"href":"https:\/\/mamiloubullesdereve.ovh\/index.php?rest_route=%2Fwp%2Fv2%2Fcomments&post=6412"}],"version-history":[{"count":4,"href":"https:\/\/mamiloubullesdereve.ovh\/index.php?rest_route=\/wp\/v2\/pages\/6412\/revisions"}],"predecessor-version":[{"id":6507,"href":"https:\/\/mamiloubullesdereve.ovh\/index.php?rest_route=\/wp\/v2\/pages\/6412\/revisions\/6507"}],"wp:attachment":[{"href":"https:\/\/mamiloubullesdereve.ovh\/index.php?rest_route=%2Fwp%2Fv2%2Fmedia&parent=6412"}],"curies":[{"name":"wp","href":"https:\/\/api.w.org\/{rel}","templated":true}]}}