{"id":30,"date":"2018-03-19T15:32:46","date_gmt":"2018-03-19T14:32:46","guid":{"rendered":"http:\/\/mamiloubullesdereve.ovh\/?page_id=30"},"modified":"2021-04-21T13:46:20","modified_gmt":"2021-04-21T11:46:20","slug":"bonjour-le-monde","status":"publish","type":"page","link":"https:\/\/mamiloubullesdereve.ovh\/","title":{"rendered":"Rebonjour \u00e0 tous !"},"content":{"rendered":"<p><strong>28 juin 2018 !\u00a0<\/strong> C&rsquo;\u00e9tait il y a presque 3 ans &#8211; le d\u00e9but d&rsquo;une magnifique aventure de 13 mois \u00e0 la d\u00e9couverte du monde.<\/p>\n<p>Ce blog nous a permis de partager nos d\u00e9couvertes avec vous au jour le jour.<\/p>\n<p>Depuis notre retour, il est rest\u00e9 muet.<\/p>\n<p>De multiples raisons expliquent ce silence persistant, dont, notamment : la digestion du retour \u00e0 la vie normale, le choix d&rsquo;un port d&rsquo;attache, les travaux dans notre nouvelle maison, \u00e0 La Bazoge, dans la Sarthe, le d\u00e9ballage de nos cartons, et, bien s\u00fbr, comme tout le monde, la crise sanitaire.<\/p>\n<p>Il \u00e9tait temps, malgr\u00e9 tout, d&rsquo;a\u00e9rer notre quotidien avec de nouvelles bulles de r\u00eave.<\/p>\n<p>C&rsquo;est pourquoi nous avons d\u00e9cid\u00e9 de r\u00e9veiller notre blog, pour y partager nos nouvelles escapades aux alentours avec Alfred, mais aussi, en attendant des \u00e9chapp\u00e9es plus lointaines, pour revivre nos voyages pass\u00e9s.<\/p>\n","protected":false},"excerpt":{"rendered":"<p>28 juin 2018 !\u00a0 C&rsquo;\u00e9tait il y a presque 3 ans &#8211; le d\u00e9but d&rsquo;une magnifique aventure de 13 mois \u00e0 la d\u00e9couverte du monde. Ce blog nous a permis de partager nos d\u00e9couvertes avec vous au jour le jour. &hellip; <a href=\"https:\/\/mamiloubullesdereve.ovh\/\">Continuer la lecture <span class=\"meta-nav\">&rarr;<\/span><\/a><\/p>\n","protected":false},"author":1,"featured_media":0,"parent":0,"menu_order":0,"comment_status":"closed","ping_status":"closed","template":"","meta":[],"_links":{"self":[{"href":"https:\/\/mamiloubullesdereve.ovh\/index.php?rest_route=\/wp\/v2\/pages\/30"}],"collection":[{"href":"https:\/\/mamiloubullesdereve.ovh\/index.php?rest_route=\/wp\/v2\/pages"}],"about":[{"href":"https:\/\/mamiloubullesdereve.ovh\/index.php?rest_route=\/wp\/v2\/types\/page"}],"author":[{"embeddable":true,"href":"https:\/\/mamiloubullesdereve.ovh\/index.php?rest_route=\/wp\/v2\/users\/1"}],"replies":[{"embeddable":true,"href":"https:\/\/mamiloubullesdereve.ovh\/index.php?rest_route=%2Fwp%2Fv2%2Fcomments&post=30"}],"version-history":[{"count":12,"href":"https:\/\/mamiloubullesdereve.ovh\/index.php?rest_route=\/wp\/v2\/pages\/30\/revisions"}],"predecessor-version":[{"id":6632,"href":"https:\/\/mamiloubullesdereve.ovh\/index.php?rest_route=\/wp\/v2\/pages\/30\/revisions\/6632"}],"wp:attachment":[{"href":"https:\/\/mamiloubullesdereve.ovh\/index.php?rest_route=%2Fwp%2Fv2%2Fmedia&parent=30"}],"curies":[{"name":"wp","href":"https:\/\/api.w.org\/{rel}","templated":true}]}}