{"id":271,"date":"2018-04-02T17:49:57","date_gmt":"2018-04-02T15:49:57","guid":{"rendered":"http:\/\/mamiloubullesdereve.ovh\/?page_id=271"},"modified":"2018-04-02T18:03:22","modified_gmt":"2018-04-02T16:03:22","slug":"commentaires","status":"publish","type":"page","link":"https:\/\/mamiloubullesdereve.ovh\/?page_id=271","title":{"rendered":"Commentaires"},"content":{"rendered":"<div id=\"pl-271\"  class=\"panel-layout\" ><div id=\"pg-271-0\"  class=\"panel-grid panel-no-style\" ><div id=\"pgc-271-0-0\"  class=\"panel-grid-cell\" ><div id=\"panel-271-0-0-0\" class=\"so-panel widget widget_recent-comments widget_recent_comments panel-first-child panel-last-child\" data-index=\"0\" ><h3 class=\"widget-title\">Les plus recents d\u00e9pos\u00e9s dans l&rsquo;ensemble du site<\/h3><ul id=\"recentcomments\"><li class=\"recentcomments\"><span class=\"comment-author-link\">Celine<\/span> dans <a href=\"https:\/\/mamiloubullesdereve.ovh\/?p=6607#comment-250\">22 mars 2021<\/a><\/li><li class=\"recentcomments\"><span class=\"comment-author-link\">FraMag<\/span> dans <a href=\"https:\/\/mamiloubullesdereve.ovh\/?p=6381#comment-249\">22 ao\u00fbt 2019<\/a><\/li><li class=\"recentcomments\"><span class=\"comment-author-link\">Mamilou<\/span> dans <a href=\"https:\/\/mamiloubullesdereve.ovh\/?p=6386#comment-248\">24 ao\u00fbt 2019<\/a><\/li><li class=\"recentcomments\"><span class=\"comment-author-link\">Mamilou<\/span> dans <a href=\"https:\/\/mamiloubullesdereve.ovh\/?p=6386#comment-247\">24 ao\u00fbt 2019<\/a><\/li><li class=\"recentcomments\"><span class=\"comment-author-link\">Mamilou<\/span> dans <a href=\"https:\/\/mamiloubullesdereve.ovh\/?p=6386#comment-246\">24 ao\u00fbt 2019<\/a><\/li><li class=\"recentcomments\"><span class=\"comment-author-link\">corinne<\/span> dans <a href=\"https:\/\/mamiloubullesdereve.ovh\/?p=6386#comment-245\">24 ao\u00fbt 2019<\/a><\/li><li class=\"recentcomments\"><span class=\"comment-author-link\">Lo de rose<\/span> dans <a href=\"https:\/\/mamiloubullesdereve.ovh\/?p=6386#comment-244\">24 ao\u00fbt 2019<\/a><\/li><li class=\"recentcomments\"><span class=\"comment-author-link\">Pascal<\/span> dans <a href=\"https:\/\/mamiloubullesdereve.ovh\/?p=6386#comment-243\">24 ao\u00fbt 2019<\/a><\/li><li class=\"recentcomments\"><span class=\"comment-author-link\">mamette<\/span> dans <a href=\"https:\/\/mamiloubullesdereve.ovh\/?p=6366#comment-242\">21 ao\u00fbt 2019<\/a><\/li><li class=\"recentcomments\"><span class=\"comment-author-link\">Viviane Delpech<\/span> dans <a href=\"https:\/\/mamiloubullesdereve.ovh\/?p=6366#comment-241\">21 ao\u00fbt 2019<\/a><\/li><\/ul><\/div><\/div><\/div><\/div>","protected":false},"excerpt":{"rendered":"<p>Les plus recents d\u00e9pos\u00e9s dans l&rsquo;ensemble du siteCeline dans 22 mars 2021FraMag dans 22 ao\u00fbt 2019Mamilou dans 24 ao\u00fbt 2019Mamilou dans 24 ao\u00fbt 2019Mamilou dans 24 ao\u00fbt 2019corinne dans 24 ao\u00fbt 2019Lo de rose dans 24 ao\u00fbt 2019Pascal dans 24 &hellip; <a href=\"https:\/\/mamiloubullesdereve.ovh\/?page_id=271\">Continuer la lecture <span class=\"meta-nav\">&rarr;<\/span><\/a><\/p>\n","protected":false},"author":1,"featured_media":0,"parent":0,"menu_order":0,"comment_status":"closed","ping_status":"closed","template":"onecolumn-page.php","meta":[],"_links":{"self":[{"href":"https:\/\/mamiloubullesdereve.ovh\/index.php?rest_route=\/wp\/v2\/pages\/271"}],"collection":[{"href":"https:\/\/mamiloubullesdereve.ovh\/index.php?rest_route=\/wp\/v2\/pages"}],"about":[{"href":"https:\/\/mamiloubullesdereve.ovh\/index.php?rest_route=\/wp\/v2\/types\/page"}],"author":[{"embeddable":true,"href":"https:\/\/mamiloubullesdereve.ovh\/index.php?rest_route=\/wp\/v2\/users\/1"}],"replies":[{"embeddable":true,"href":"https:\/\/mamiloubullesdereve.ovh\/index.php?rest_route=%2Fwp%2Fv2%2Fcomments&post=271"}],"version-history":[{"count":12,"href":"https:\/\/mamiloubullesdereve.ovh\/index.php?rest_route=\/wp\/v2\/pages\/271\/revisions"}],"predecessor-version":[{"id":6466,"href":"https:\/\/mamiloubullesdereve.ovh\/index.php?rest_route=\/wp\/v2\/pages\/271\/revisions\/6466"}],"wp:attachment":[{"href":"https:\/\/mamiloubullesdereve.ovh\/index.php?rest_route=%2Fwp%2Fv2%2Fmedia&parent=271"}],"curies":[{"name":"wp","href":"https:\/\/api.w.org\/{rel}","templated":true}]}}